{"id":118,"date":"2024-09-10T11:24:03","date_gmt":"2024-09-10T11:24:03","guid":{"rendered":"https:\/\/krakengroup.eu\/?page_id=118"},"modified":"2025-01-10T04:59:36","modified_gmt":"2025-01-10T04:59:36","slug":"silniki-zaburtowe-kraken-outboards","status":"publish","type":"page","link":"https:\/\/krakengroup.eu\/en\/silniki-zaburtowe-kraken-outboards\/","title":{"rendered":"Outboard Engines Kraken Outboards"},"content":{"rendered":"<div class=\"wp-block-columns is-layout-flex wp-container-core-columns-layout-1 wp-block-columns-is-layout-flex\">\n<div class=\"wp-block-column is-layout-flow wp-block-column-is-layout-flow\" style=\"flex-basis:33.33%\">\n<figure class=\"wp-block-image size-large is-resized\"><a href=\"https:\/\/krakengroup.eu\/en\/silniki-zaburtowe-f50-f70-efi\/\"><img fetchpriority=\"high\" decoding=\"async\" width=\"2030\" height=\"1269\" src=\"https:\/\/krakengroup.eu\/wp-content\/uploads\/2024\/11\/IMG_9666-edited.jpg\" alt=\"\" class=\"wp-image-274\" style=\"width:354px;height:auto\" srcset=\"https:\/\/krakengroup.eu\/wp-content\/uploads\/2024\/11\/IMG_9666-edited.jpg 2030w, https:\/\/krakengroup.eu\/wp-content\/uploads\/2024\/11\/IMG_9666-edited-300x188.jpg 300w, https:\/\/krakengroup.eu\/wp-content\/uploads\/2024\/11\/IMG_9666-edited-1024x640.jpg 1024w, https:\/\/krakengroup.eu\/wp-content\/uploads\/2024\/11\/IMG_9666-edited-768x480.jpg 768w, https:\/\/krakengroup.eu\/wp-content\/uploads\/2024\/11\/IMG_9666-edited-1536x960.jpg 1536w, https:\/\/krakengroup.eu\/wp-content\/uploads\/2024\/11\/IMG_9666-edited-18x12.jpg 18w\" sizes=\"(max-width: 2030px) 100vw, 2030px\" \/><\/a><\/figure>\n<\/div>\n\n\n\n<div class=\"wp-block-column is-layout-flow wp-block-column-is-layout-flow\" style=\"flex-basis:66.66%\">\n<h3 class=\"wp-block-heading\"><sup><a href=\"https:\/\/krakengroup.eu\/en\/silniki-zaburtowe-f50-f70-efi\/\" style=\"text-decoration:none;\">SILNIKI ZABURTOWE F50 &#8211; F70 EFI<\/a><\/sup><\/h3>\n\n\n\n<p><sup><a style=\"text-decoration:none;\" href=\"https:\/\/krakengroup.eu\/en\/silniki-zaburtowe-f50-f70-efi\/\">Silniki KRAKEN Outboards o mocy od 50 do 70 KM to zaawansowane jednostki zaprojektowane dla \u015brednich \u0142odzi rekreacyjnych i u\u017cytkowych. Dzi\u0119ki technologii EFI zapewniaj\u0105 p\u0142ynne przyspieszenie, niskie zu\u017cycie paliwa i doskona\u0142\u0105 wydajno\u015b\u0107 w ka\u017cdych warunkach. Ich solidna konstrukcja i dba\u0142o\u015b\u0107 o detale gwarantuj\u0105 d\u0142ug\u0105 \u017cywotno\u015b\u0107, a ekologiczne rozwi\u0105zania minimalizuj\u0105 wp\u0142yw na \u015brodowisko.<\/a><\/sup><\/p>\n<\/div>\n<\/div>\n\n\n\n<div class=\"wp-block-columns is-layout-flex wp-container-core-columns-layout-2 wp-block-columns-is-layout-flex\">\n<div class=\"wp-block-column is-layout-flow wp-block-column-is-layout-flow\" style=\"flex-basis:33.33%\">\n<figure class=\"wp-block-image size-large is-resized\"><a href=\"https:\/\/krakengroup.eu\/en\/silniki-zaburtowe-f15-f25\/\"><img decoding=\"async\" width=\"2529\" height=\"1422\" src=\"https:\/\/krakengroup.eu\/wp-content\/uploads\/2025\/01\/IMG_0761-edited.jpeg\" alt=\"\" class=\"wp-image-621\" style=\"width:353px;height:auto\" srcset=\"https:\/\/krakengroup.eu\/wp-content\/uploads\/2025\/01\/IMG_0761-edited.jpeg 2529w, https:\/\/krakengroup.eu\/wp-content\/uploads\/2025\/01\/IMG_0761-edited-300x169.jpeg 300w, https:\/\/krakengroup.eu\/wp-content\/uploads\/2025\/01\/IMG_0761-edited-1024x576.jpeg 1024w, https:\/\/krakengroup.eu\/wp-content\/uploads\/2025\/01\/IMG_0761-edited-768x432.jpeg 768w, https:\/\/krakengroup.eu\/wp-content\/uploads\/2025\/01\/IMG_0761-edited-1536x864.jpeg 1536w, https:\/\/krakengroup.eu\/wp-content\/uploads\/2025\/01\/IMG_0761-edited-2048x1152.jpeg 2048w, https:\/\/krakengroup.eu\/wp-content\/uploads\/2025\/01\/IMG_0761-edited-18x10.jpeg 18w\" sizes=\"(max-width: 2529px) 100vw, 2529px\" \/><\/a><\/figure>\n<\/div>\n\n\n\n<div class=\"wp-block-column is-layout-flow wp-block-column-is-layout-flow\" style=\"flex-basis:66.66%\">\n<h3 class=\"wp-block-heading\"><sup><a href=\"https:\/\/krakengroup.eu\/en\/silniki-zaburtowe-f15-f25\/\" style=\"text-decoration:none;\">SILNIKI ZABURTOWE F15 &#8211; F25<\/a><\/sup><\/h3>\n\n\n\n<p><sup><a style=\"text-decoration:none;\" href=\"https:\/\/krakengroup.eu\/en\/silniki-zaburtowe-f15-f25\/\">Silniki zaburtowe o mocy 15-25 KM to idealny kompromis mi\u0119dzy kompaktowymi rozmiarami a wydajno\u015bci\u0105. Lekkie, \u0142atwe w obs\u0142udze i niezwykle niezawodne, sprawdz\u0105 si\u0119 zar\u00f3wno na ma\u0142ych \u0142odziach w\u0119dkarskich, jak i rekreacyjnych. Charakteryzuj\u0105 si\u0119 cich\u0105 prac\u0105, nowoczesnym designem oraz nisk\u0105 emisj\u0105 spalin, co czyni je \u015bwietnym wyborem na rodzinne wypady na wod\u0119.<\/a><\/sup><\/p>\n<\/div>\n<\/div>\n\n\n\n<div class=\"wp-block-columns is-layout-flex wp-container-core-columns-layout-3 wp-block-columns-is-layout-flex\">\n<div class=\"wp-block-column is-layout-flow wp-block-column-is-layout-flow\" style=\"flex-basis:33.33%\">\n<figure class=\"wp-block-image size-large is-resized\"><a href=\"https:\/\/krakengroup.eu\/en\/silniki-zaburtowe-f6-f12\/\"><img decoding=\"async\" width=\"2560\" height=\"1600\" src=\"https:\/\/krakengroup.eu\/wp-content\/uploads\/2024\/11\/IMG_0246-edited-scaled.jpeg\" alt=\"\" class=\"wp-image-278\" style=\"width:352px;height:auto\" srcset=\"https:\/\/krakengroup.eu\/wp-content\/uploads\/2024\/11\/IMG_0246-edited-scaled.jpeg 2560w, https:\/\/krakengroup.eu\/wp-content\/uploads\/2024\/11\/IMG_0246-edited-300x188.jpeg 300w, https:\/\/krakengroup.eu\/wp-content\/uploads\/2024\/11\/IMG_0246-edited-1024x640.jpeg 1024w, https:\/\/krakengroup.eu\/wp-content\/uploads\/2024\/11\/IMG_0246-edited-768x480.jpeg 768w, https:\/\/krakengroup.eu\/wp-content\/uploads\/2024\/11\/IMG_0246-edited-1536x960.jpeg 1536w, https:\/\/krakengroup.eu\/wp-content\/uploads\/2024\/11\/IMG_0246-edited-2048x1280.jpeg 2048w, https:\/\/krakengroup.eu\/wp-content\/uploads\/2024\/11\/IMG_0246-edited-18x12.jpeg 18w\" sizes=\"(max-width: 2560px) 100vw, 2560px\" \/><\/a><\/figure>\n<\/div>\n\n\n\n<div class=\"wp-block-column is-layout-flow wp-block-column-is-layout-flow\" style=\"flex-basis:66.66%\">\n<h3 class=\"wp-block-heading\"><sup><a style=\"text-decoration:none;\" href=\"https:\/\/krakengroup.eu\/en\/silniki-zaburtowe-f6-f12\/\"><sup><\/sup><\/a><a style=\"text-decoration:none;\" href=\"https:\/\/krakengroup.eu\/en\/silniki-zaburtowe-f6-f12\/\">SILNIKI ZABURTOWE F6 &#8211; F12<\/a><\/sup> <\/h3>\n\n\n\n<p><sup><a style=\"text-decoration:none;\" href=\"https:\/\/krakengroup.eu\/en\/silniki-zaburtowe-f6-f12\/\">Przeno\u015bne i wszechstronne silniki KRAKEN Outboards o mocy 6-12 KM to niezast\u0105piony nap\u0119d dla niewielkich \u0142odzi i ponton\u00f3w. Ich intuicyjna obs\u0142uga, wysoka kultura pracy oraz kompaktowa budowa sprawiaj\u0105, \u017ce s\u0105 ulubie\u0144cami w\u0119dkarzy i mi\u0142o\u015bnik\u00f3w rekreacji na wodzie. Wyposa\u017cone w najnowsze rozwi\u0105zania technologiczne, zapewniaj\u0105 niezawodno\u015b\u0107 i komfort u\u017cytkowania przy minimalnym wp\u0142ywie na \u015brodowisko.<\/a><\/sup><\/p>\n<\/div>\n<\/div>\n\n\n\n<div class=\"wp-block-group is-style-fotawp-boxshadow is-layout-constrained wp-block-group-is-layout-constrained\">\n<center><a href=\"https:\/\/krakengroup.eu\/wp-content\/uploads\/2024\/11\/CENNIK-2024-PLN.pdf\" class=\"download-button\" download>\n    Pobierz Cennik PDF\n<\/a>\n\n<style>\n.download-button {\n    display: inline-block;\n    background-color: #000000; \/* czarny kolor *\/\n    color: white; \/* Kolor tekstu *\/\n    padding: 10px 20px; \/* Odst\u0119py wewn\u0119trzne *\/\n    text-align: center; \/* Wy\u015brodkowanie tekstu *\/\n    text-decoration: none; \/* Usuni\u0119cie podkre\u015blenia *\/\n    border-radius: 5px; \/* Zaokr\u0105glenie kraw\u0119dzi *\/\n    font-size: 16px; \/* Rozmiar czcionki *\/\n}\n\n.download-button:hover {\n    background-color: #A9A9A9; \/* Ciemniejszy szary przy najechaniu *\/\n}\n<\/style><\/center>\n<\/div>","protected":false},"excerpt":{"rendered":"<p>SILNIKI ZABURTOWE F50 &#8211; F70 EFI Silniki KRAKEN Outboards o mocy od 50 do 70 KM to zaawansowane jednostki zaprojektowane dla \u015brednich \u0142odzi rekreacyjnych i u\u017cytkowych. Dzi\u0119ki technologii EFI zapewniaj\u0105 p\u0142ynne przyspieszenie, niskie zu\u017cycie paliwa i doskona\u0142\u0105 wydajno\u015b\u0107 w ka\u017cdych warunkach. Ich solidna konstrukcja i dba\u0142o\u015b\u0107 o detale gwarantuj\u0105 d\u0142ug\u0105 \u017cywotno\u015b\u0107, a ekologiczne rozwi\u0105zania minimalizuj\u0105&#8230;<\/p>","protected":false},"author":1,"featured_media":0,"parent":0,"menu_order":0,"comment_status":"closed","ping_status":"closed","template":"","meta":{"footnotes":""},"_links":{"self":[{"href":"https:\/\/krakengroup.eu\/en\/wp-json\/wp\/v2\/pages\/118"}],"collection":[{"href":"https:\/\/krakengroup.eu\/en\/wp-json\/wp\/v2\/pages"}],"about":[{"href":"https:\/\/krakengroup.eu\/en\/wp-json\/wp\/v2\/types\/page"}],"author":[{"embeddable":true,"href":"https:\/\/krakengroup.eu\/en\/wp-json\/wp\/v2\/users\/1"}],"replies":[{"embeddable":true,"href":"https:\/\/krakengroup.eu\/en\/wp-json\/wp\/v2\/comments?post=118"}],"version-history":[{"count":18,"href":"https:\/\/krakengroup.eu\/en\/wp-json\/wp\/v2\/pages\/118\/revisions"}],"predecessor-version":[{"id":633,"href":"https:\/\/krakengroup.eu\/en\/wp-json\/wp\/v2\/pages\/118\/revisions\/633"}],"wp:attachment":[{"href":"https:\/\/krakengroup.eu\/en\/wp-json\/wp\/v2\/media?parent=118"}],"curies":[{"name":"wp","href":"https:\/\/api.w.org\/{rel}","templated":true}]}}